{"id":5,"date":"2016-11-25T09:15:16","date_gmt":"2016-11-25T08:15:16","guid":{"rendered":"http:\/\/ferienbetreuung.net\/?page_id=5"},"modified":"2025-01-08T16:00:56","modified_gmt":"2025-01-08T15:00:56","slug":"herzlich-willkommen-auf-den-infoseiten-des-foerderverein-ferienbetreuung-e-v","status":"publish","type":"page","link":"http:\/\/ferienbetreuung.net\/","title":{"rendered":"Wir begr\u00fc\u00dfen Sie herzlich auf der Webseite   des F\u00f6rdervereins Ferienbetreuung e.V.  Rheinbreitbach"},"content":{"rendered":"\n<p><\/p>\n\n\n<p class=\"western\" lang=\"de-DE\"><span style=\"font-family: Calibri,sans-serif;\"><br \/>Unsere Ziele sind:<\/span><\/p>\n<ul>\n<li>\n<p class=\"western\" lang=\"de-DE\"><span style=\"font-family: Calibri,sans-serif;\">eine Ferienbetreuung VOR ORT in Rheinbreitbach.<br \/><\/span><\/p>\n<\/li>\n<li>\n<p class=\"western\" lang=\"de-DE\"><span style=\"font-family: Calibri,sans-serif;\">Planungssicherheit, durch fixe Termine in denen die Betreuung stattfindet<\/span><\/p>\n<ul>\n<li>Osterferien 2. Ferienwoche<\/li>\n<li>Sommerferien 3. und 4. Ferienwoche<\/li>\n<li>Herbstferien 2. Ferienwoche<\/li>\n<\/ul>\n<\/li>\n<\/ul>\n<ul>\n<li>\n<p class=\"western\" lang=\"de-DE\"><span style=\"font-family: Calibri,sans-serif;\">eine ganzt\u00e4gige Betreuung von 8:00 &#8211; 16:00 Uhr<br \/><\/span><\/p>\n<\/li>\n<li>\n<p class=\"western\" lang=\"de-DE\"><span style=\"font-family: Calibri,sans-serif;\">eine &#8222;garantierte&#8220; Durchf\u00fchrung der Betreuungsangebote<br \/><\/span><\/p>\n<\/li>\n<li>\n<p class=\"western\" lang=\"de-DE\"><span style=\"font-family: Calibri,sans-serif;\">einen Geschwisterbonus<\/span><\/p>\n<\/li>\n<\/ul>\n<p>Im Jahr 2010 wurde unser Verein von engagierten Eltern gegr\u00fcndet, um f\u00fcr die Rheinbreitbacher Grundschulkinder ein Ferienbetreuungsangebot anzubieten. Dieses wird seither erfolgreich von unserem Kooperationspartner, der <a href=\"http:\/\/www.fbs-linz.de\/\">Katholischen Familienbildungsst\u00e4tte Linz<\/a> durchgef\u00fchrt. Zudem erhalten wir Unterst\u00fctzung durch unseren Kooperationspartner <a href=\"http:\/\/www.seelsorgebereich-unkel.de\/\">Kath. Familienzentrum im Seelsorgebereich der Verbandsgemeinde Unkel<\/a>. Unser Verein unterst\u00fctzt die Betreuungsangebote finanziell und organisatorich tatkr\u00e4ftig.<br \/>Wir finanzieren uns durch Spenden und Mitgliedsbeitr\u00e4ge.<\/p>\n<p>Auch in den Jahren 2020 und 2021 konnten wir, mit Hilfe von gro\u00dfem Engagement und Zusammenhalt im Ort, den Kindern eine sch\u00f6ne Zeit in der Ferienbetreung bieten. Die Sommerbetreuung musste, auf Grund der damaligen Corona-Auflagen, zeitlich etwas gek\u00fcrzt werden. Trotzdem konnten zwei komplette Wochen angeboten werden und es war auch unter diesen Umst\u00e4nden eine besonders sch\u00f6ne Zeit.<\/p>\n<p>Ebenfalls von 2022 bis 2024, konnten wir f\u00fcr die Kids ein paar Highlights organisieren. In diesem Zuge m\u00f6chten wir an die Rheinbreitbacher und Bad Honnefer ein gro\u00dfes Dankesch\u00f6n senden. Es ist toll zu sehen, wie viel Unterst\u00fctzung man aus der Region bekommt, wenn man sich traut &#8222;kurzfristige&#8220; Ideen umzusetzen.<\/p>\n<p>Wir danken allen Mitgliedern und Spendern, die dies erm\u00f6glicht haben, und freuen uns auf neue Projekte 2025.<\/p>\n<p>Aufgrund der verk\u00fcrzten Osterferien findet in diesem Jahr, wie auch schon 2023, die erste Ferienfreizeit in den Pfingstferien statt.<\/p>\n\n\n<p><\/p>\n","protected":false},"excerpt":{"rendered":"<p>Unsere Ziele sind: eine Ferienbetreuung VOR ORT in Rheinbreitbach. Planungssicherheit, durch fixe Termine in denen die Betreuung stattfindet Osterferien 2. Ferienwoche Sommerferien 3. und 4. Ferienwoche Herbstferien 2. Ferienwoche eine ganzt\u00e4gige Betreuung von 8:00 &#8211; 16:00 Uhr eine &#8222;garantierte&#8220; Durchf\u00fchrung &hellip; <a href=\"http:\/\/ferienbetreuung.net\/\">Weiterlesen <span class=\"meta-nav\">&rarr;<\/span><\/a><\/p>\n","protected":false},"author":2,"featured_media":0,"parent":0,"menu_order":0,"comment_status":"closed","ping_status":"closed","template":"","meta":[],"_links":{"self":[{"href":"http:\/\/ferienbetreuung.net\/index.php?rest_route=\/wp\/v2\/pages\/5"}],"collection":[{"href":"http:\/\/ferienbetreuung.net\/index.php?rest_route=\/wp\/v2\/pages"}],"about":[{"href":"http:\/\/ferienbetreuung.net\/index.php?rest_route=\/wp\/v2\/types\/page"}],"author":[{"embeddable":true,"href":"http:\/\/ferienbetreuung.net\/index.php?rest_route=\/wp\/v2\/users\/2"}],"replies":[{"embeddable":true,"href":"http:\/\/ferienbetreuung.net\/index.php?rest_route=%2Fwp%2Fv2%2Fcomments&post=5"}],"version-history":[{"count":33,"href":"http:\/\/ferienbetreuung.net\/index.php?rest_route=\/wp\/v2\/pages\/5\/revisions"}],"predecessor-version":[{"id":562,"href":"http:\/\/ferienbetreuung.net\/index.php?rest_route=\/wp\/v2\/pages\/5\/revisions\/562"}],"wp:attachment":[{"href":"http:\/\/ferienbetreuung.net\/index.php?rest_route=%2Fwp%2Fv2%2Fmedia&parent=5"}],"curies":[{"name":"wp","href":"https:\/\/api.w.org\/{rel}","templated":true}]}}